{"id":10920,"date":"2015-05-03T06:36:13","date_gmt":"2015-05-03T02:06:13","guid":{"rendered":"https:\/\/foladetehadtak.com\/%d9%85%d8%ad%d8%b5%d9%88%d9%84%d8%a7%d8%aa"},"modified":"2025-09-17T00:13:10","modified_gmt":"2025-09-16T20:43:10","slug":"product","status":"publish","type":"page","link":"https:\/\/foladetehadtak.com\/tr\/product\/","title":{"rendered":"\u0645\u062d\u0635\u0648\u0644\u0627\u062a"},"content":{"rendered":"\t\t<div data-elementor-type=\"wp-page\" data-elementor-id=\"10920\" class=\"elementor elementor-10920 elementor-8453\" data-elementor-post-type=\"page\">\n\t\t\t\t<div class=\"elementor-element elementor-element-ebcc9e6 e-flex e-con-boxed e-con e-parent\" data-id=\"ebcc9e6\" data-element_type=\"container\" data-e-type=\"container\" data-settings=\"{&quot;background_background&quot;:&quot;classic&quot;}\">\n\t\t\t\t\t<div class=\"e-con-inner\">\n\t\t\t\t<div class=\"elementor-element elementor-element-628290f elementor-widget-divider--view-line elementor-widget elementor-widget-divider\" data-id=\"628290f\" data-element_type=\"widget\" data-e-type=\"widget\" data-widget_type=\"divider.default\">\n\t\t\t\t<div class=\"elementor-widget-container\">\n\t\t\t\t\t\t\t<div class=\"elementor-divider\">\n\t\t\t<span class=\"elementor-divider-separator\">\n\t\t\t\t\t\t<\/span>\n\t\t<\/div>\n\t\t\t\t\t\t<\/div>\n\t\t\t\t<\/div>\n\t\t\t\t\t<\/div>\n\t\t\t\t<\/div>\n\t\t<div class=\"elementor-element elementor-element-2bb663f e-con-full e-flex e-con e-parent\" data-id=\"2bb663f\" data-element_type=\"container\" data-e-type=\"container\">\n\t\t<div class=\"elementor-element elementor-element-62eccac e-con-full e-flex e-con e-child\" data-id=\"62eccac\" data-element_type=\"container\" data-e-type=\"container\">\n\t\t<div class=\"elementor-element elementor-element-43af9ab e-con-full front e-flex e-con e-child\" data-id=\"43af9ab\" data-element_type=\"container\" data-e-type=\"container\" data-settings=\"{&quot;background_background&quot;:&quot;classic&quot;}\">\n\t\t\t\t<\/div>\n\t\t<div class=\"elementor-element elementor-element-81ba43a e-con-full back e-flex e-con e-child\" data-id=\"81ba43a\" data-element_type=\"container\" data-e-type=\"container\" data-settings=\"{&quot;background_background&quot;:&quot;classic&quot;}\">\n\t\t\t\t<div class=\"elementor-element elementor-element-755b02a elementor-widget elementor-widget-heading\" data-id=\"755b02a\" data-element_type=\"widget\" data-e-type=\"widget\" data-widget_type=\"heading.default\">\n\t\t\t\t<div class=\"elementor-widget-container\">\n\t\t\t\t\t<h3 class=\"elementor-heading-title elementor-size-default\">Kaba Haddeleme Stand\u0131<\/h3>\t\t\t\t<\/div>\n\t\t\t\t<\/div>\n\t\t\t\t<div class=\"elementor-element elementor-element-fbe76ba elementor-widget elementor-widget-heading\" data-id=\"fbe76ba\" data-element_type=\"widget\" data-e-type=\"widget\" data-widget_type=\"heading.default\">\n\t\t\t\t<div class=\"elementor-widget-container\">\n\t\t\t\t\t<h4 class=\"elementor-heading-title elementor-size-default\">Her t\u00fcrl\u00fc \u00e7elik profil haddeleme hatt\u0131n\u0131n tasar\u0131m\u0131, \u00fcretimi ve montaj\u0131<\/h4>\t\t\t\t<\/div>\n\t\t\t\t<\/div>\n\t\t\t\t<div class=\"elementor-element elementor-element-6bf73eb elementor-align-center elementor-widget elementor-widget-button\" data-id=\"6bf73eb\" data-element_type=\"widget\" data-e-type=\"widget\" data-widget_type=\"button.default\">\n\t\t\t\t<div class=\"elementor-widget-container\">\n\t\t\t\t\t\t\t\t\t<div class=\"elementor-button-wrapper\">\n\t\t\t\t\t<a class=\"elementor-button elementor-button-link elementor-size-sm\" href=\"https:\/\/foladetehadtak.com\/tr\/%d8%a7%d8%b3%d8%aa%d9%86%d8%af-%d8%b1%d8%a7%d9%81%db%8c%d9%86%da%af\/\">\n\t\t\t\t\t\t<span class=\"elementor-button-content-wrapper\">\n\t\t\t\t\t\t\t\t\t<span class=\"elementor-button-text\">\u00dcr\u00fcnleri G\u00f6r\u00fcnt\u00fcle<\/span>\n\t\t\t\t\t<\/span>\n\t\t\t\t\t<\/a>\n\t\t\t\t<\/div>\n\t\t\t\t\t\t\t\t<\/div>\n\t\t\t\t<\/div>\n\t\t\t\t<\/div>\n\t\t\t\t<\/div>\n\t\t<div class=\"elementor-element elementor-element-2740815 e-con-full e-flex e-con e-child\" data-id=\"2740815\" data-element_type=\"container\" data-e-type=\"container\">\n\t\t<div class=\"elementor-element elementor-element-fde0c78 e-con-full front e-flex e-con e-child\" data-id=\"fde0c78\" data-element_type=\"container\" data-e-type=\"container\" data-settings=\"{&quot;background_background&quot;:&quot;classic&quot;}\">\n\t\t\t\t<\/div>\n\t\t<div class=\"elementor-element elementor-element-2633a14 e-con-full back e-flex e-con e-child\" data-id=\"2633a14\" data-element_type=\"container\" data-e-type=\"container\" data-settings=\"{&quot;background_background&quot;:&quot;classic&quot;}\">\n\t\t\t\t<div class=\"elementor-element elementor-element-e8c1c0d elementor-widget elementor-widget-heading\" data-id=\"e8c1c0d\" data-element_type=\"widget\" data-e-type=\"widget\" data-widget_type=\"heading.default\">\n\t\t\t\t<div class=\"elementor-widget-container\">\n\t\t\t\t\t<h3 class=\"elementor-heading-title elementor-size-default\">Rek\u00fcperat\u00f6r<\/h3>\t\t\t\t<\/div>\n\t\t\t\t<\/div>\n\t\t\t\t<div class=\"elementor-element elementor-element-dca8296 elementor-widget elementor-widget-heading\" data-id=\"dca8296\" data-element_type=\"widget\" data-e-type=\"widget\" data-widget_type=\"heading.default\">\n\t\t\t\t<div class=\"elementor-widget-container\">\n\t\t\t\t\t<h4 class=\"elementor-heading-title elementor-size-default\">Her t\u00fcrl\u00fc \u00e7elik profil haddeleme hatt\u0131n\u0131n tasar\u0131m\u0131, \u00fcretimi ve montaj\u0131<\/h4>\t\t\t\t<\/div>\n\t\t\t\t<\/div>\n\t\t\t\t<div class=\"elementor-element elementor-element-4fa32c9 elementor-align-center elementor-widget elementor-widget-button\" data-id=\"4fa32c9\" data-element_type=\"widget\" data-e-type=\"widget\" data-widget_type=\"button.default\">\n\t\t\t\t<div class=\"elementor-widget-container\">\n\t\t\t\t\t\t\t\t\t<div class=\"elementor-button-wrapper\">\n\t\t\t\t\t<a class=\"elementor-button elementor-button-link elementor-size-sm\" href=\"https:\/\/foladetehadtak.com\/tr\/%d8%b1%da%a9%d9%88%d9%be%d8%b1%d8%a7%d8%aa%d9%88%d8%b1\/\">\n\t\t\t\t\t\t<span class=\"elementor-button-content-wrapper\">\n\t\t\t\t\t\t\t\t\t<span class=\"elementor-button-text\">\u00dcr\u00fcnleri G\u00f6r\u00fcnt\u00fcle<\/span>\n\t\t\t\t\t<\/span>\n\t\t\t\t\t<\/a>\n\t\t\t\t<\/div>\n\t\t\t\t\t\t\t\t<\/div>\n\t\t\t\t<\/div>\n\t\t\t\t<\/div>\n\t\t\t\t<\/div>\n\t\t<div class=\"elementor-element elementor-element-8482dfd e-con-full e-flex e-con e-child\" data-id=\"8482dfd\" data-element_type=\"container\" data-e-type=\"container\">\n\t\t<div class=\"elementor-element elementor-element-c194b14 e-con-full front e-flex e-con e-child\" data-id=\"c194b14\" data-element_type=\"container\" data-e-type=\"container\" data-settings=\"{&quot;background_background&quot;:&quot;classic&quot;}\">\n\t\t\t\t<\/div>\n\t\t<div class=\"elementor-element elementor-element-4c8cbfe e-con-full back e-flex e-con e-child\" data-id=\"4c8cbfe\" data-element_type=\"container\" data-e-type=\"container\" data-settings=\"{&quot;background_background&quot;:&quot;classic&quot;}\">\n\t\t\t\t<div class=\"elementor-element elementor-element-53ffa51 elementor-widget elementor-widget-heading\" data-id=\"53ffa51\" data-element_type=\"widget\" data-e-type=\"widget\" data-widget_type=\"heading.default\">\n\t\t\t\t<div class=\"elementor-widget-container\">\n\t\t\t\t\t<h3 class=\"elementor-heading-title elementor-size-default\">Kaba Haddeleme Red\u00fckt\u00f6r\u00fc<\/h3>\t\t\t\t<\/div>\n\t\t\t\t<\/div>\n\t\t\t\t<div class=\"elementor-element elementor-element-11ed977 elementor-widget elementor-widget-heading\" data-id=\"11ed977\" data-element_type=\"widget\" data-e-type=\"widget\" data-widget_type=\"heading.default\">\n\t\t\t\t<div class=\"elementor-widget-container\">\n\t\t\t\t\t<h4 class=\"elementor-heading-title elementor-size-default\">Her t\u00fcrl\u00fc \u00e7elik profil haddeleme hatt\u0131n\u0131n tasar\u0131m\u0131, \u00fcretimi ve montaj\u0131<\/h4>\t\t\t\t<\/div>\n\t\t\t\t<\/div>\n\t\t\t\t<div class=\"elementor-element elementor-element-51ba0bf elementor-align-center elementor-widget elementor-widget-button\" data-id=\"51ba0bf\" data-element_type=\"widget\" data-e-type=\"widget\" data-widget_type=\"button.default\">\n\t\t\t\t<div class=\"elementor-widget-container\">\n\t\t\t\t\t\t\t\t\t<div class=\"elementor-button-wrapper\">\n\t\t\t\t\t<a class=\"elementor-button elementor-button-link elementor-size-sm\" href=\"https:\/\/foladetehadtak.com\/tr\/%da%af%db%8c%d8%b1%d8%a8%da%a9%d8%b3-%d8%b1%d8%a7%d9%81%db%8c%d9%86%da%af\/\">\n\t\t\t\t\t\t<span class=\"elementor-button-content-wrapper\">\n\t\t\t\t\t\t\t\t\t<span class=\"elementor-button-text\">\u00dcr\u00fcnleri G\u00f6r\u00fcnt\u00fcle<\/span>\n\t\t\t\t\t<\/span>\n\t\t\t\t\t<\/a>\n\t\t\t\t<\/div>\n\t\t\t\t\t\t\t\t<\/div>\n\t\t\t\t<\/div>\n\t\t\t\t<\/div>\n\t\t\t\t<\/div>\n\t\t<div class=\"elementor-element elementor-element-b94fcf9 e-con-full e-flex e-con e-child\" data-id=\"b94fcf9\" data-element_type=\"container\" data-e-type=\"container\">\n\t\t<div class=\"elementor-element elementor-element-e013af7 e-con-full front e-flex e-con e-child\" data-id=\"e013af7\" data-element_type=\"container\" data-e-type=\"container\" data-settings=\"{&quot;background_background&quot;:&quot;classic&quot;}\">\n\t\t\t\t<\/div>\n\t\t<div class=\"elementor-element elementor-element-5839ecd e-con-full back e-flex e-con e-child\" data-id=\"5839ecd\" data-element_type=\"container\" data-e-type=\"container\" data-settings=\"{&quot;background_background&quot;:&quot;classic&quot;}\">\n\t\t\t\t<div class=\"elementor-element elementor-element-b52574e elementor-widget elementor-widget-heading\" data-id=\"b52574e\" data-element_type=\"widget\" data-e-type=\"widget\" data-widget_type=\"heading.default\">\n\t\t\t\t<div class=\"elementor-widget-container\">\n\t\t\t\t\t<h3 class=\"elementor-heading-title elementor-size-default\">F\u0131r\u0131n \u0130tici Mili<\/h3>\t\t\t\t<\/div>\n\t\t\t\t<\/div>\n\t\t\t\t<div class=\"elementor-element elementor-element-868f483 elementor-widget elementor-widget-heading\" data-id=\"868f483\" data-element_type=\"widget\" data-e-type=\"widget\" data-widget_type=\"heading.default\">\n\t\t\t\t<div class=\"elementor-widget-container\">\n\t\t\t\t\t<h4 class=\"elementor-heading-title elementor-size-default\">Her t\u00fcrl\u00fc \u00e7elik profil haddeleme hatt\u0131n\u0131n tasar\u0131m\u0131, \u00fcretimi ve montaj\u0131<\/h4>\t\t\t\t<\/div>\n\t\t\t\t<\/div>\n\t\t\t\t<div class=\"elementor-element elementor-element-5dc5b8a elementor-align-center elementor-widget elementor-widget-button\" data-id=\"5dc5b8a\" data-element_type=\"widget\" data-e-type=\"widget\" data-widget_type=\"button.default\">\n\t\t\t\t<div class=\"elementor-widget-container\">\n\t\t\t\t\t\t\t\t\t<div class=\"elementor-button-wrapper\">\n\t\t\t\t\t<a class=\"elementor-button elementor-button-link elementor-size-sm\" href=\"https:\/\/foladetehadtak.com\/tr\/%d8%b3%db%8c%d8%ae-%da%a9%d9%88%d8%b1%d9%87\/\">\n\t\t\t\t\t\t<span class=\"elementor-button-content-wrapper\">\n\t\t\t\t\t\t\t\t\t<span class=\"elementor-button-text\">\u00dcr\u00fcnleri G\u00f6r\u00fcnt\u00fcle<\/span>\n\t\t\t\t\t<\/span>\n\t\t\t\t\t<\/a>\n\t\t\t\t<\/div>\n\t\t\t\t\t\t\t\t<\/div>\n\t\t\t\t<\/div>\n\t\t\t\t<\/div>\n\t\t\t\t<\/div>\n\t\t<div class=\"elementor-element elementor-element-4ba9e14 e-con-full e-flex e-con e-child\" data-id=\"4ba9e14\" data-element_type=\"container\" data-e-type=\"container\">\n\t\t<div class=\"elementor-element elementor-element-1971885 e-con-full front e-flex e-con e-child\" data-id=\"1971885\" data-element_type=\"container\" data-e-type=\"container\" data-settings=\"{&quot;background_background&quot;:&quot;classic&quot;}\">\n\t\t\t\t<\/div>\n\t\t<div class=\"elementor-element elementor-element-67972d6 e-con-full back e-flex e-con e-child\" data-id=\"67972d6\" data-element_type=\"container\" data-e-type=\"container\" data-settings=\"{&quot;background_background&quot;:&quot;classic&quot;}\">\n\t\t\t\t<div class=\"elementor-element elementor-element-3769df7 elementor-widget elementor-widget-heading\" data-id=\"3769df7\" data-element_type=\"widget\" data-e-type=\"widget\" data-widget_type=\"heading.default\">\n\t\t\t\t<div class=\"elementor-widget-container\">\n\t\t\t\t\t<h3 class=\"elementor-heading-title elementor-size-default\">F\u0131r\u0131n<\/h3>\t\t\t\t<\/div>\n\t\t\t\t<\/div>\n\t\t\t\t<div class=\"elementor-element elementor-element-1ed12f1 elementor-widget elementor-widget-heading\" data-id=\"1ed12f1\" data-element_type=\"widget\" data-e-type=\"widget\" data-widget_type=\"heading.default\">\n\t\t\t\t<div class=\"elementor-widget-container\">\n\t\t\t\t\t<h4 class=\"elementor-heading-title elementor-size-default\">Her t\u00fcrl\u00fc \u00e7elik profil haddeleme hatt\u0131n\u0131n tasar\u0131m\u0131, \u00fcretimi ve montaj\u0131<\/h4>\t\t\t\t<\/div>\n\t\t\t\t<\/div>\n\t\t\t\t<div class=\"elementor-element elementor-element-6c36dfb elementor-align-center elementor-widget elementor-widget-button\" data-id=\"6c36dfb\" data-element_type=\"widget\" data-e-type=\"widget\" data-widget_type=\"button.default\">\n\t\t\t\t<div class=\"elementor-widget-container\">\n\t\t\t\t\t\t\t\t\t<div class=\"elementor-button-wrapper\">\n\t\t\t\t\t<a class=\"elementor-button elementor-button-link elementor-size-sm\" href=\"https:\/\/foladetehadtak.com\/tr\/%da%a9%d9%88%d8%b1%d9%87-%d8%b5%d9%86%d8%b9%d8%aa%db%8c\/\">\n\t\t\t\t\t\t<span class=\"elementor-button-content-wrapper\">\n\t\t\t\t\t\t\t\t\t<span class=\"elementor-button-text\">\u00dcr\u00fcnleri G\u00f6r\u00fcnt\u00fcle<\/span>\n\t\t\t\t\t<\/span>\n\t\t\t\t\t<\/a>\n\t\t\t\t<\/div>\n\t\t\t\t\t\t\t\t<\/div>\n\t\t\t\t<\/div>\n\t\t\t\t<\/div>\n\t\t\t\t<\/div>\n\t\t\t\t<\/div>\n\t\t\t\t<\/div>\n\t\t","protected":false},"excerpt":{"rendered":"<p>Kaba Haddeleme Stand\u0131 Her t\u00fcrl\u00fc \u00e7elik profil haddeleme hatt\u0131n\u0131n tasar\u0131m\u0131, \u00fcretimi ve montaj\u0131 \u00dcr\u00fcnleri G\u00f6r\u00fcnt\u00fcle Rek\u00fcperat\u00f6r Her t\u00fcrl\u00fc \u00e7elik profil haddeleme hatt\u0131n\u0131n tasar\u0131m\u0131, \u00fcretimi ve montaj\u0131 \u00dcr\u00fcnleri G\u00f6r\u00fcnt\u00fcle Kaba Haddeleme Red\u00fckt\u00f6r\u00fc Her t\u00fcrl\u00fc \u00e7elik profil haddeleme hatt\u0131n\u0131n tasar\u0131m\u0131, \u00fcretimi ve montaj\u0131 \u00dcr\u00fcnleri G\u00f6r\u00fcnt\u00fcle F\u0131r\u0131n \u0130tici Mili Her t\u00fcrl\u00fc \u00e7elik profil haddeleme hatt\u0131n\u0131n tasar\u0131m\u0131, \u00fcretimi ve [&hellip;]<\/p>\n","protected":false},"author":7,"featured_media":0,"parent":0,"menu_order":0,"comment_status":"open","ping_status":"closed","template":"","meta":{"footnotes":""},"class_list":["post-10920","page","type-page","status-publish","hentry"],"_links":{"self":[{"href":"https:\/\/foladetehadtak.com\/tr\/wp-json\/wp\/v2\/pages\/10920","targetHints":{"allow":["GET"]}}],"collection":[{"href":"https:\/\/foladetehadtak.com\/tr\/wp-json\/wp\/v2\/pages"}],"about":[{"href":"https:\/\/foladetehadtak.com\/tr\/wp-json\/wp\/v2\/types\/page"}],"author":[{"embeddable":true,"href":"https:\/\/foladetehadtak.com\/tr\/wp-json\/wp\/v2\/users\/7"}],"replies":[{"embeddable":true,"href":"https:\/\/foladetehadtak.com\/tr\/wp-json\/wp\/v2\/comments?post=10920"}],"version-history":[{"count":27,"href":"https:\/\/foladetehadtak.com\/tr\/wp-json\/wp\/v2\/pages\/10920\/revisions"}],"predecessor-version":[{"id":11484,"href":"https:\/\/foladetehadtak.com\/tr\/wp-json\/wp\/v2\/pages\/10920\/revisions\/11484"}],"wp:attachment":[{"href":"https:\/\/foladetehadtak.com\/tr\/wp-json\/wp\/v2\/media?parent=10920"}],"curies":[{"name":"wp","href":"https:\/\/api.w.org\/{rel}","templated":true}]}}