{"id":11408,"date":"2025-09-16T23:00:04","date_gmt":"2025-09-16T19:30:04","guid":{"rendered":"https:\/\/foladetehadtak.com\/%da%af%db%8c%d8%b1%d8%a8%da%a9%d8%b3-%d8%b1%d8%a7%d9%81%db%8c%d9%86%da%af\/"},"modified":"2025-09-24T23:59:09","modified_gmt":"2025-09-24T20:29:09","slug":"%da%af%db%8c%d8%b1%d8%a8%da%a9%d8%b3-%d8%b1%d8%a7%d9%81%db%8c%d9%86%da%af","status":"publish","type":"page","link":"https:\/\/foladetehadtak.com\/tr\/%da%af%db%8c%d8%b1%d8%a8%da%a9%d8%b3-%d8%b1%d8%a7%d9%81%db%8c%d9%86%da%af\/","title":{"rendered":"\u06af\u06cc\u0631\u0628\u06a9\u0633 \u0631\u0627\u0641\u06cc\u0646\u06af"},"content":{"rendered":"\t\t<div data-elementor-type=\"wp-page\" data-elementor-id=\"11408\" class=\"elementor elementor-11408 elementor-11399\" data-elementor-post-type=\"page\">\n\t\t\t\t<div class=\"elementor-element elementor-element-400738f e-flex e-con-boxed e-con e-parent\" data-id=\"400738f\" data-element_type=\"container\" data-e-type=\"container\">\n\t\t\t\t\t<div class=\"e-con-inner\">\n\t\t\t\t<div class=\"elementor-element elementor-element-96cc5cb elementor-widget elementor-widget-spacer\" data-id=\"96cc5cb\" data-element_type=\"widget\" data-e-type=\"widget\" data-widget_type=\"spacer.default\">\n\t\t\t\t<div class=\"elementor-widget-container\">\n\t\t\t\t\t\t\t<div class=\"elementor-spacer\">\n\t\t\t<div class=\"elementor-spacer-inner\"><\/div>\n\t\t<\/div>\n\t\t\t\t\t\t<\/div>\n\t\t\t\t<\/div>\n\t\t\t\t\t<\/div>\n\t\t\t\t<\/div>\n\t\t<div class=\"elementor-element elementor-element-9f9dc78 e-con-full e-flex e-con e-parent\" data-id=\"9f9dc78\" data-element_type=\"container\" data-e-type=\"container\">\n\t\t<div class=\"elementor-element elementor-element-7da12d4 e-con-full e-flex e-con e-child\" data-id=\"7da12d4\" data-element_type=\"container\" data-e-type=\"container\" data-settings=\"{&quot;background_background&quot;:&quot;classic&quot;}\">\n\t\t\t\t<div class=\"elementor-element elementor-element-1fcd22e elementor-widget elementor-widget-heading\" data-id=\"1fcd22e\" data-element_type=\"widget\" data-e-type=\"widget\" data-widget_type=\"heading.default\">\n\t\t\t\t<div class=\"elementor-widget-container\">\n\t\t\t\t\t<h2 class=\"elementor-heading-title elementor-size-default\">Kaba hadde red\u00fckt\u00f6r\u00fc (Roughing Gearbox)<\/h2>\t\t\t\t<\/div>\n\t\t\t\t<\/div>\n\t\t\t\t<div class=\"elementor-element elementor-element-bc8ed60 elementor-arrows-position-inside elementor-pagination-position-outside elementor-widget elementor-widget-image-carousel\" data-id=\"bc8ed60\" data-element_type=\"widget\" data-e-type=\"widget\" data-settings=\"{&quot;slides_to_show&quot;:&quot;1&quot;,&quot;speed&quot;:1000,&quot;navigation&quot;:&quot;both&quot;,&quot;infinite&quot;:&quot;yes&quot;,&quot;effect&quot;:&quot;slide&quot;}\" data-widget_type=\"image-carousel.default\">\n\t\t\t\t<div class=\"elementor-widget-container\">\n\t\t\t\t\t\t\t<div class=\"elementor-image-carousel-wrapper swiper\" role=\"region\" aria-roledescription=\"carousel\" aria-label=\"\u06a9\u0627\u0631\u0648\u0633\u0644 \u062a\u0635\u0648\u06cc\u0631\" dir=\"ltr\">\n\t\t\t<div class=\"elementor-image-carousel swiper-wrapper\" aria-live=\"polite\">\n\t\t\t\t\t\t\t\t<div class=\"swiper-slide\" role=\"group\" aria-roledescription=\"slide\" aria-label=\"1 \/ 2\"><figure class=\"swiper-slide-inner\"><img decoding=\"async\" class=\"swiper-slide-image\" src=\"https:\/\/foladetehadtak.com\/wp-content\/uploads\/elementor\/thumbs\/\u06af\u06cc\u0631\u0628\u06a9\u0633-\u0631\u0627\u0641\u06cc\u0646\u06af-\u0642\u0631\u0645\u0632-1-rbgzavl5m1jz0aiy3coi8g41s5ly6u7hmcprby8w4g.jpg\" alt=\"\u06af\u06cc\u0631\u0628\u06a9\u0633 \u0631\u0627\u0641\u06cc\u0646\u06af \u0642\u0631\u0645\u0632\" \/><\/figure><\/div><div class=\"swiper-slide\" role=\"group\" aria-roledescription=\"slide\" aria-label=\"2 \/ 2\"><figure class=\"swiper-slide-inner\"><img decoding=\"async\" class=\"swiper-slide-image\" src=\"https:\/\/foladetehadtak.com\/wp-content\/uploads\/elementor\/thumbs\/\u0628\u062f\u0648\u0646-\u062a\u0648\u0636\u06cc\u062d-\u06af\u06cc\u0631\u0628\u06a9\u0633-\u0631\u0627\u0641\u06cc\u0646\u06af-rb62qhbcy5datomcd1ns37ibswe5aaknlhgvo6hpr4.jpg\" alt=\"\u0628\u062f\u0648\u0646 \u062a\u0648\u0636\u06cc\u062d \u06af\u06cc\u0631\u0628\u06a9\u0633 \u0631\u0627\u0641\u06cc\u0646\u06af\" \/><\/figure><\/div>\t\t\t<\/div>\n\t\t\t\t\t\t\t\t\t\t\t\t<div class=\"elementor-swiper-button elementor-swiper-button-prev\" role=\"button\" tabindex=\"0\">\n\t\t\t\t\t\t<i aria-hidden=\"true\" class=\"eicon-chevron-left\"><\/i>\t\t\t\t\t<\/div>\n\t\t\t\t\t<div class=\"elementor-swiper-button elementor-swiper-button-next\" role=\"button\" tabindex=\"0\">\n\t\t\t\t\t\t<i aria-hidden=\"true\" class=\"eicon-chevron-right\"><\/i>\t\t\t\t\t<\/div>\n\t\t\t\t\n\t\t\t\t\t\t\t\t\t<div class=\"swiper-pagination\"><\/div>\n\t\t\t\t\t\t\t\t\t<\/div>\n\t\t\t\t\t\t<\/div>\n\t\t\t\t<\/div>\n\t\t\t\t<div class=\"elementor-element elementor-element-30bcf60 elementor-widget elementor-widget-heading\" data-id=\"30bcf60\" data-element_type=\"widget\" data-e-type=\"widget\" data-widget_type=\"heading.default\">\n\t\t\t\t<div class=\"elementor-widget-container\">\n\t\t\t\t\t<h6 class=\"elementor-heading-title elementor-size-default\">Kaba hadde red\u00fckt\u00f6r\u00fc (Roughing Gearbox), s\u0131cak \u00e7elik haddeleme hatlar\u0131nda, kaba haddeleme a\u015famas\u0131nda haddeleme operasyonu i\u00e7in gerekli torku sa\u011flamakla g\u00f6revli hayati bir bile\u015fendir. Bu red\u00fckt\u00f6r, d\u00f6nme h\u0131z\u0131n\u0131 y\u00fcksek torka d\u00f6n\u00fc\u015ft\u00fcrerek, \u00fcr\u00fcn\u00fcn kal\u0131nl\u0131\u011f\u0131n\u0131 azaltmak ve ilk \u015fekillendirmeyi yapmak i\u00e7in gereken kuvveti sa\u011flar.\n<br><br>\nYap\u0131sal ve Fonksiyonel \u00d6zellikler:\n<br>\n1-Di\u015fli Oran\u0131 (Gear Ratio): Bu red\u00fckt\u00f6r 1:12 di\u015fli oran\u0131yla tasarlanm\u0131\u015f ve \u00fcretilmi\u015ftir. Bu oran, giri\u015f d\u00f6nme h\u0131z\u0131n\u0131 12 kat d\u00fc\u015f\u00fcr\u00fcrken, \u00e7\u0131k\u0131\u015f torkunu \u00f6nemli \u00f6l\u00e7\u00fcde art\u0131r\u0131r. Bu sayede haddeleme valslerinin y\u00fcksek s\u0131cakl\u0131ktaki malzemenin direncini a\u015fmas\u0131 sa\u011flan\u0131r.\n<br>\n2-G\u00f6vde ve Di\u015fliler: Red\u00fckt\u00f6r g\u00f6vdesi, end\u00fcstriyel ortam\u0131n titre\u015fim ve a\u015f\u0131r\u0131 bas\u0131n\u00e7lar\u0131na dayanacak \u015fekilde sa\u011flam \u00e7elikten yap\u0131lm\u0131\u015ft\u0131r. Ayr\u0131ca, di\u015fliler y\u00fcksek kaliteli malzemelerden \u00fcretilmi\u015ftir, bu da uzun \u00f6m\u00fcrl\u00fc ve dayan\u0131kl\u0131 bir performans sa\u011flar.\n<br>\n3-\u00dcretim Hassasiyeti: Bu red\u00fckt\u00f6r\u00fcn t\u00fcm i\u015fleme (Machining) a\u015famalar\u0131 CNC (Computer Numerical Control) makineleri kullan\u0131larak ger\u00e7ekle\u015ftirilir. Bu s\u00fcre\u00e7, i\u015fleme hassasiyetinin en \u00fcst d\u00fczeye \u00e7\u0131kmas\u0131n\u0131 sa\u011flar ve bu da operasyon s\u0131ras\u0131nda en iyi performans\u0131, daha az titre\u015fim ve g\u00fcr\u00fclt\u00fcy\u00fc garanti eder.\n<br><br>\n\u00d6zetle, kaba hadde red\u00fckt\u00f6r\u00fc, sa\u011flam tasar\u0131m\u0131 ve y\u00fcksek \u00fcretim hassasiyeti ile haddeleme valslerine itici g\u00fcc\u00fc iletmede ve \u00e7elik end\u00fcstrisinde ilk \u015fekillendirme s\u00fcrecini tamamlamada temel bir rol oynar<\/h6>\t\t\t\t<\/div>\n\t\t\t\t<\/div>\n\t\t\t\t<div class=\"elementor-element elementor-element-a1b8b6e elementor-shape-rounded elementor-grid-0 e-grid-align-center elementor-widget elementor-widget-social-icons\" data-id=\"a1b8b6e\" data-element_type=\"widget\" data-e-type=\"widget\" data-widget_type=\"social-icons.default\">\n\t\t\t\t<div class=\"elementor-widget-container\">\n\t\t\t\t\t\t\t<div class=\"elementor-social-icons-wrapper elementor-grid\" role=\"list\">\n\t\t\t\t\t\t\t<span class=\"elementor-grid-item\" role=\"listitem\">\n\t\t\t\t\t<a class=\"elementor-icon elementor-social-icon elementor-social-icon-instagram elementor-repeater-item-b117fde\" href=\"https:\/\/www.instagram.com\/folad_etehad_tak.co\" target=\"_blank\" rel=\"noopener\">\n\t\t\t\t\t\t<span class=\"elementor-screen-only\">Instagram<\/span>\n\t\t\t\t\t\t<i aria-hidden=\"true\" class=\"fab fa-instagram\"><\/i>\t\t\t\t\t<\/a>\n\t\t\t\t<\/span>\n\t\t\t\t\t\t\t<span class=\"elementor-grid-item\" role=\"listitem\">\n\t\t\t\t\t<a class=\"elementor-icon elementor-social-icon elementor-social-icon-telegram elementor-repeater-item-031bd09\" href=\"https:\/\/t.me\/folad_etehad_tak\" target=\"_blank\">\n\t\t\t\t\t\t<span class=\"elementor-screen-only\">Telegram<\/span>\n\t\t\t\t\t\t<i aria-hidden=\"true\" class=\"fab fa-telegram\"><\/i>\t\t\t\t\t<\/a>\n\t\t\t\t<\/span>\n\t\t\t\t\t\t\t<span class=\"elementor-grid-item\" role=\"listitem\">\n\t\t\t\t\t<a class=\"elementor-icon elementor-social-icon elementor-social-icon-youtube elementor-repeater-item-587a0e1\" href=\"https:\/\/www.youtube.com\/@FoladEtehadTak\" target=\"_blank\" rel=\"noopener\">\n\t\t\t\t\t\t<span class=\"elementor-screen-only\">Youtube<\/span>\n\t\t\t\t\t\t<i aria-hidden=\"true\" class=\"fab fa-youtube\"><\/i>\t\t\t\t\t<\/a>\n\t\t\t\t<\/span>\n\t\t\t\t\t<\/div>\n\t\t\t\t\t\t<\/div>\n\t\t\t\t<\/div>\n\t\t\t\t<\/div>\n\t\t<div class=\"elementor-element elementor-element-3c4b042 e-con-full e-flex e-con e-child\" data-id=\"3c4b042\" data-element_type=\"container\" data-e-type=\"container\" data-settings=\"{&quot;background_background&quot;:&quot;classic&quot;}\">\n\t\t\t\t<div class=\"elementor-element elementor-element-13483c8 elementor-widget-divider--view-line elementor-widget elementor-widget-divider\" data-id=\"13483c8\" data-element_type=\"widget\" data-e-type=\"widget\" data-widget_type=\"divider.default\">\n\t\t\t\t<div class=\"elementor-widget-container\">\n\t\t\t\t\t\t\t<div class=\"elementor-divider\">\n\t\t\t<span class=\"elementor-divider-separator\">\n\t\t\t\t\t\t<\/span>\n\t\t<\/div>\n\t\t\t\t\t\t<\/div>\n\t\t\t\t<\/div>\n\t\t\t\t<div class=\"elementor-element elementor-element-6c0b4ba elementor-widget elementor-widget-wpforms\" data-id=\"6c0b4ba\" data-element_type=\"widget\" data-e-type=\"widget\" data-widget_type=\"wpforms.default\">\n\t\t\t\t<div class=\"elementor-widget-container\">\n\t\t\t\t\t<style id=\"wpforms-css-vars-elementor-widget-6c0b4ba\">\n\t\t\t\t.elementor-widget-wpforms.elementor-element-6c0b4ba {\n\t\t\t\t--wpforms-button-background-color: #E20000;\n--wpforms-field-size-input-height: 43px;\n--wpforms-field-size-input-spacing: 15px;\n--wpforms-field-size-font-size: 16px;\n--wpforms-field-size-line-height: 19px;\n--wpforms-field-size-padding-h: 14px;\n--wpforms-field-size-checkbox-size: 16px;\n--wpforms-field-size-sublabel-spacing: 5px;\n--wpforms-field-size-icon-size: 1;\n--wpforms-label-size-font-size: 16px;\n--wpforms-label-size-line-height: 19px;\n--wpforms-label-size-sublabel-font-size: 14px;\n--wpforms-label-size-sublabel-line-height: 17px;\n--wpforms-button-size-font-size: 17px;\n--wpforms-button-size-height: 41px;\n--wpforms-button-size-padding-h: 15px;\n--wpforms-button-size-margin-top: 10px;\n\n\t\t\t}\n\t\t\t<\/style><div class=\"wpforms-container wpforms-container-full wpforms-render-modern\" id=\"wpforms-10622\"><form id=\"wpforms-form-10622\" class=\"wpforms-validate wpforms-form wpforms-ajax-form\" data-formid=\"10622\" method=\"post\" enctype=\"multipart\/form-data\" action=\"\/tr\/wp-json\/wp\/v2\/pages\/11408\" data-token=\"d528a22b07b9e9f6de6f96ab4affab67\" data-token-time=\"1776399558\"><noscript class=\"wpforms-error-noscript\">Bu formu bitirebilmek i\u00e7in taray\u0131c\u0131n\u0131zda JavaScript&#039;i etkinle\u015ftirin.<\/noscript><div class=\"wpforms-hidden\" id=\"wpforms-error-noscript\">Bu formu bitirebilmek i\u00e7in taray\u0131c\u0131n\u0131zda JavaScript&#039;i etkinle\u015ftirin.<\/div><div class=\"wpforms-field-container\"><div id=\"wpforms-10622-field_1-container\" class=\"wpforms-field wpforms-field-name\" data-field-id=\"1\"><label class=\"wpforms-field-label\" for=\"wpforms-10622-field_1\">Your Name <span class=\"wpforms-required-label\" aria-hidden=\"true\">*<\/span><\/label><input type=\"text\" id=\"wpforms-10622-field_1\" class=\"wpforms-field-medium wpforms-field-required\" name=\"wpforms[fields][1]\" aria-errormessage=\"wpforms-10622-field_1-error\" required><\/div><div id=\"wpforms-10622-field_2-container\" class=\"wpforms-field wpforms-field-email\" data-field-id=\"2\"><label class=\"wpforms-field-label\" for=\"wpforms-10622-field_2\">Your Email <span class=\"wpforms-required-label\" aria-hidden=\"true\">*<\/span><\/label><input type=\"email\" id=\"wpforms-10622-field_2\" class=\"wpforms-field-medium wpforms-field-required\" name=\"wpforms[fields][2]\" spellcheck=\"false\" aria-errormessage=\"wpforms-10622-field_2-error\" required><\/div><div id=\"wpforms-10622-field_4-container\" class=\"wpforms-field wpforms-field-text\" data-field-id=\"4\"><label class=\"wpforms-field-label\" for=\"wpforms-10622-field_4\">Subject<\/label><input type=\"text\" id=\"wpforms-10622-field_4\" class=\"wpforms-field-medium\" name=\"wpforms[fields][4]\" aria-errormessage=\"wpforms-10622-field_4-error\" ><\/div><div id=\"wpforms-10622-field_3-container\" class=\"wpforms-field wpforms-field-textarea\" data-field-id=\"3\"><label class=\"wpforms-field-label\" for=\"wpforms-10622-field_3\">Your Massage <span class=\"wpforms-required-label\" aria-hidden=\"true\">*<\/span><\/label><textarea id=\"wpforms-10622-field_3\" class=\"wpforms-field-medium wpforms-field-required\" name=\"wpforms[fields][3]\" aria-errormessage=\"wpforms-10622-field_3-error\" required><\/textarea><\/div><\/div><!-- .wpforms-field-container --><div class=\"wpforms-recaptcha-container wpforms-is-recaptcha wpforms-is-recaptcha-type-v3\" ><input type=\"hidden\" name=\"wpforms[recaptcha]\" value=\"\"><\/div><div class=\"wpforms-submit-container\" ><input type=\"hidden\" name=\"wpforms[id]\" value=\"10622\"><input type=\"hidden\" name=\"page_title\" value=\"\"><input type=\"hidden\" name=\"page_url\" value=\"https:\/\/foladetehadtak.com\/tr\/wp-json\/wp\/v2\/pages\/11408\"><button type=\"submit\" name=\"wpforms[submit]\" id=\"wpforms-submit-10622\" class=\"wpforms-submit\" data-alt-text=\"Sending ...\" data-submit-text=\"Send\" aria-live=\"assertive\" value=\"wpforms-submit\">Send<\/button><img decoding=\"async\" src=\"https:\/\/foladetehadtak.com\/wp-content\/plugins\/wpforms\/assets\/images\/submit-spin.svg\" class=\"wpforms-submit-spinner\" style=\"display: none;\" width=\"26\" height=\"26\" alt=\"Y\u00fckleniyor\"><\/div><\/form><\/div>  <!-- .wpforms-container -->\t\t\t\t<\/div>\n\t\t\t\t<\/div>\n\t\t\t\t<\/div>\n\t\t\t\t<\/div>\n\t\t<div class=\"elementor-element elementor-element-9e2561d e-flex e-con-boxed e-con e-parent\" data-id=\"9e2561d\" data-element_type=\"container\" data-e-type=\"container\">\n\t\t\t\t\t<div class=\"e-con-inner\">\n\t\t\t\t<div class=\"elementor-element elementor-element-9833a82 elementor-widget elementor-widget-spacer\" data-id=\"9833a82\" data-element_type=\"widget\" data-e-type=\"widget\" data-widget_type=\"spacer.default\">\n\t\t\t\t<div class=\"elementor-widget-container\">\n\t\t\t\t\t\t\t<div class=\"elementor-spacer\">\n\t\t\t<div class=\"elementor-spacer-inner\"><\/div>\n\t\t<\/div>\n\t\t\t\t\t\t<\/div>\n\t\t\t\t<\/div>\n\t\t\t\t\t<\/div>\n\t\t\t\t<\/div>\n\t\t\t\t<\/div>\n\t\t","protected":false},"excerpt":{"rendered":"<p>Kaba hadde red\u00fckt\u00f6r\u00fc (Roughing Gearbox) Kaba hadde red\u00fckt\u00f6r\u00fc (Roughing Gearbox), s\u0131cak \u00e7elik haddeleme hatlar\u0131nda, kaba haddeleme a\u015famas\u0131nda haddeleme operasyonu i\u00e7in gerekli torku sa\u011flamakla g\u00f6revli hayati bir bile\u015fendir. Bu red\u00fckt\u00f6r, d\u00f6nme h\u0131z\u0131n\u0131 y\u00fcksek torka d\u00f6n\u00fc\u015ft\u00fcrerek, \u00fcr\u00fcn\u00fcn kal\u0131nl\u0131\u011f\u0131n\u0131 azaltmak ve ilk \u015fekillendirmeyi yapmak i\u00e7in gereken kuvveti sa\u011flar. Yap\u0131sal ve Fonksiyonel \u00d6zellikler: 1-Di\u015fli Oran\u0131 (Gear Ratio): Bu red\u00fckt\u00f6r [&hellip;]<\/p>\n","protected":false},"author":7,"featured_media":0,"parent":0,"menu_order":0,"comment_status":"closed","ping_status":"closed","template":"","meta":{"footnotes":""},"class_list":["post-11408","page","type-page","status-publish","hentry"],"_links":{"self":[{"href":"https:\/\/foladetehadtak.com\/tr\/wp-json\/wp\/v2\/pages\/11408","targetHints":{"allow":["GET"]}}],"collection":[{"href":"https:\/\/foladetehadtak.com\/tr\/wp-json\/wp\/v2\/pages"}],"about":[{"href":"https:\/\/foladetehadtak.com\/tr\/wp-json\/wp\/v2\/types\/page"}],"author":[{"embeddable":true,"href":"https:\/\/foladetehadtak.com\/tr\/wp-json\/wp\/v2\/users\/7"}],"replies":[{"embeddable":true,"href":"https:\/\/foladetehadtak.com\/tr\/wp-json\/wp\/v2\/comments?post=11408"}],"version-history":[{"count":7,"href":"https:\/\/foladetehadtak.com\/tr\/wp-json\/wp\/v2\/pages\/11408\/revisions"}],"predecessor-version":[{"id":11814,"href":"https:\/\/foladetehadtak.com\/tr\/wp-json\/wp\/v2\/pages\/11408\/revisions\/11814"}],"wp:attachment":[{"href":"https:\/\/foladetehadtak.com\/tr\/wp-json\/wp\/v2\/media?parent=11408"}],"curies":[{"name":"wp","href":"https:\/\/api.w.org\/{rel}","templated":true}]}}